{"id":1852,"date":"2023-08-17T00:31:38","date_gmt":"2023-08-17T03:31:38","guid":{"rendered":"https:\/\/guadita.com\/?page_id=1852"},"modified":"2023-11-09T13:20:54","modified_gmt":"2023-11-09T16:20:54","slug":"crypta-caravana","status":"publish","type":"page","link":"https:\/\/guadita.com\/index.php\/crypta-caravana\/","title":{"rendered":"La crypta caravana"},"content":{"rendered":"\n<div class=\"wp-block-uagb-container uagb-block-118a116d alignfull uagb-is-root-container\"><div class=\"uagb-container-inner-blocks-wrap\">\n<div class=\"wp-block-uagb-advanced-heading uagb-block-021fb033\"><h1 class=\"uagb-heading-text\">La crypta caravana<\/h1><p class=\"uagb-desc-text\">Reel promocional para redes sociales<\/p><\/div>\n\n\n\n<p class=\"has-text-align-center\" style=\"margin-top:var(--wp--preset--spacing--30);margin-right:0;margin-bottom:var(--wp--preset--spacing--30);margin-left:0;padding-right:var(--wp--preset--spacing--60);padding-left:var(--wp--preset--spacing--60);font-size:16px\">En este proyecto hice la realizaci\u00f3n integral del reel encarg\u00e1ndome de la escritura del gui\u00f3n, la propuesta de material de stock, la edici\u00f3n y postproducci\u00f3n integral del video.<\/p>\n<\/div><\/div>\n\n\n\n<div class=\"wp-block-uagb-container uagb-block-de2d2b22 alignwide uagb-is-root-container\">\n<div class=\"wp-block-uagb-container uagb-block-f7b7c94b\">\n<div class=\"wp-block-columns is-layout-flex wp-container-core-columns-is-layout-1 wp-block-columns-is-layout-flex\">\n<div class=\"wp-block-column is-layout-flow wp-block-column-is-layout-flow\"><\/div>\n\n\n\n<div class=\"wp-block-column is-layout-flow wp-block-column-is-layout-flow\">\n<figure class=\"wp-block-video\"><video controls poster=\"https:\/\/guadita.com\/wp-content\/uploads\/2023\/11\/Screenshot-2023-11-09-at-1.17.03-PM.png\" src=\"https:\/\/guadita.com\/wp-content\/uploads\/2023\/11\/la-cripta-spot-last-version-con-logos.mp4\"><\/video><\/figure>\n\n\n\n<p class=\"has-text-align-center\" style=\"padding-right:var(--wp--preset--spacing--50);padding-left:var(--wp--preset--spacing--50)\">Tambi\u00e9n pod\u00e9s verlo en la cuenta de instagram de la crypta <a href=\"https:\/\/www.instagram.com\/reel\/CtMZSEqqXxY\/\" target=\"_blank\" rel=\"noopener\" title=\"\">ac\u00e1<\/a>.<\/p>\n<\/div>\n\n\n\n<div class=\"wp-block-column is-layout-flow wp-block-column-is-layout-flow\"><\/div>\n<\/div>\n<\/div>\n<\/div>\n","protected":false},"excerpt":{"rendered":"<p>La crypta caravana Reel promocional para redes sociales En este proyecto hice la realizaci\u00f3n integral del reel encarg\u00e1ndome de la escritura del gui\u00f3n, la propuesta de material de stock, la edici\u00f3n y postproducci\u00f3n integral del video. Tambi\u00e9n pod\u00e9s verlo en la cuenta de instagram de la crypta ac\u00e1.<\/p>\n","protected":false},"author":1,"featured_media":0,"parent":0,"menu_order":0,"comment_status":"closed","ping_status":"closed","template":"","meta":{"_uag_custom_page_level_css":"","_monsterinsights_skip_tracking":false,"_monsterinsights_sitenote_active":false,"_monsterinsights_sitenote_note":"","_monsterinsights_sitenote_category":0,"site-sidebar-layout":"default","site-content-layout":"","ast-site-content-layout":"default","site-content-style":"default","site-sidebar-style":"default","ast-global-header-display":"","ast-banner-title-visibility":"","ast-main-header-display":"","ast-hfb-above-header-display":"","ast-hfb-below-header-display":"","ast-hfb-mobile-header-display":"","site-post-title":"disabled","ast-breadcrumbs-content":"","ast-featured-img":"","footer-sml-layout":"","theme-transparent-header-meta":"","adv-header-id-meta":"","stick-header-meta":"","header-above-stick-meta":"","header-main-stick-meta":"","header-below-stick-meta":"","astra-migrate-meta-layouts":"set","ast-page-background-enabled":"default","ast-page-background-meta":{"desktop":{"background-color":"var(--ast-global-color-4)","background-image":"","background-repeat":"repeat","background-position":"center center","background-size":"auto","background-attachment":"scroll","background-type":"","background-media":"","overlay-type":"","overlay-color":"","overlay-opacity":"","overlay-gradient":""},"tablet":{"background-color":"","background-image":"","background-repeat":"repeat","background-position":"center center","background-size":"auto","background-attachment":"scroll","background-type":"","background-media":"","overlay-type":"","overlay-color":"","overlay-opacity":"","overlay-gradient":""},"mobile":{"background-color":"","background-image":"","background-repeat":"repeat","background-position":"center center","background-size":"auto","background-attachment":"scroll","background-type":"","background-media":"","overlay-type":"","overlay-color":"","overlay-opacity":"","overlay-gradient":""}},"ast-content-background-meta":{"desktop":{"background-color":"var(--ast-global-color-5)","background-image":"","background-repeat":"repeat","background-position":"center center","background-size":"auto","background-attachment":"scroll","background-type":"","background-media":"","overlay-type":"","overlay-color":"","overlay-opacity":"","overlay-gradient":""},"tablet":{"background-color":"var(--ast-global-color-5)","background-image":"","background-repeat":"repeat","background-position":"center center","background-size":"auto","background-attachment":"scroll","background-type":"","background-media":"","overlay-type":"","overlay-color":"","overlay-opacity":"","overlay-gradient":""},"mobile":{"background-color":"var(--ast-global-color-5)","background-image":"","background-repeat":"repeat","background-position":"center center","background-size":"auto","background-attachment":"scroll","background-type":"","background-media":"","overlay-type":"","overlay-color":"","overlay-opacity":"","overlay-gradient":""}},"footnotes":""},"class_list":["post-1852","page","type-page","status-publish","hentry"],"aioseo_notices":[],"uagb_featured_image_src":{"full":false,"thumbnail":false,"medium":false,"medium_large":false,"large":false,"RoboGalleryMansoryImagesCenter":false,"RoboGalleryMansoryImagesTop":false,"1536x1536":false,"2048x2048":false},"uagb_author_info":{"display_name":"usuario","author_link":"https:\/\/guadita.com\/index.php\/author\/guadita-com\/"},"uagb_comment_info":0,"uagb_excerpt":"La crypta caravana Reel promocional para redes sociales En este proyecto hice la realizaci\u00f3n integral del reel encarg\u00e1ndome de la escritura del gui\u00f3n, la propuesta de material de stock, la edici\u00f3n y postproducci\u00f3n integral del video. Tambi\u00e9n pod\u00e9s verlo en la cuenta de instagram de la crypta ac\u00e1.","_links":{"self":[{"href":"https:\/\/guadita.com\/index.php\/wp-json\/wp\/v2\/pages\/1852"}],"collection":[{"href":"https:\/\/guadita.com\/index.php\/wp-json\/wp\/v2\/pages"}],"about":[{"href":"https:\/\/guadita.com\/index.php\/wp-json\/wp\/v2\/types\/page"}],"author":[{"embeddable":true,"href":"https:\/\/guadita.com\/index.php\/wp-json\/wp\/v2\/users\/1"}],"replies":[{"embeddable":true,"href":"https:\/\/guadita.com\/index.php\/wp-json\/wp\/v2\/comments?post=1852"}],"version-history":[{"count":22,"href":"https:\/\/guadita.com\/index.php\/wp-json\/wp\/v2\/pages\/1852\/revisions"}],"predecessor-version":[{"id":2258,"href":"https:\/\/guadita.com\/index.php\/wp-json\/wp\/v2\/pages\/1852\/revisions\/2258"}],"wp:attachment":[{"href":"https:\/\/guadita.com\/index.php\/wp-json\/wp\/v2\/media?parent=1852"}],"curies":[{"name":"wp","href":"https:\/\/api.w.org\/{rel}","templated":true}]}}